{"id":2808,"date":"2025-07-07T08:02:00","date_gmt":"2025-07-07T08:02:00","guid":{"rendered":"https:\/\/mentalpath.pl\/centrum-seksuologii-sopot\/?page_id=2808"},"modified":"2025-07-07T08:04:08","modified_gmt":"2025-07-07T08:04:08","slug":"badanie-droznosci-jajowodow-sopot-sono-hsg-exem-foam","status":"publish","type":"page","link":"https:\/\/mentalpath.pl\/centrum-seksuologii-sopot\/badanie-droznosci-jajowodow-sopot-sono-hsg-exem-foam\/","title":{"rendered":"Badanie dro\u017cno\u015bci jajowod\u00f3w Sopot \u2013 Sono-HSG (ExEm Foam)"},"content":{"rendered":"","protected":false},"excerpt":{"rendered":"","protected":false},"author":2,"featured_media":0,"parent":0,"menu_order":0,"comment_status":"closed","ping_status":"closed","template":"","meta":{"_acf_changed":false,"inline_featured_image":false,"footnotes":""},"class_list":["post-2808","page","type-page","status-publish","hentry"],"acf":[],"_links":{"self":[{"href":"https:\/\/mentalpath.pl\/centrum-seksuologii-sopot\/wp-json\/wp\/v2\/pages\/2808","targetHints":{"allow":["GET"]}}],"collection":[{"href":"https:\/\/mentalpath.pl\/centrum-seksuologii-sopot\/wp-json\/wp\/v2\/pages"}],"about":[{"href":"https:\/\/mentalpath.pl\/centrum-seksuologii-sopot\/wp-json\/wp\/v2\/types\/page"}],"author":[{"embeddable":true,"href":"https:\/\/mentalpath.pl\/centrum-seksuologii-sopot\/wp-json\/wp\/v2\/users\/2"}],"replies":[{"embeddable":true,"href":"https:\/\/mentalpath.pl\/centrum-seksuologii-sopot\/wp-json\/wp\/v2\/comments?post=2808"}],"version-history":[{"count":2,"href":"https:\/\/mentalpath.pl\/centrum-seksuologii-sopot\/wp-json\/wp\/v2\/pages\/2808\/revisions"}],"predecessor-version":[{"id":2811,"href":"https:\/\/mentalpath.pl\/centrum-seksuologii-sopot\/wp-json\/wp\/v2\/pages\/2808\/revisions\/2811"}],"wp:attachment":[{"href":"https:\/\/mentalpath.pl\/centrum-seksuologii-sopot\/wp-json\/wp\/v2\/media?parent=2808"}],"curies":[{"name":"wp","href":"https:\/\/api.w.org\/{rel}","templated":true}]}}