{"id":2821,"date":"2025-07-07T08:11:05","date_gmt":"2025-07-07T08:11:05","guid":{"rendered":"https:\/\/mentalpath.pl\/centrum-seksuologii-sopot\/?page_id=2821"},"modified":"2025-09-16T09:47:21","modified_gmt":"2025-09-16T09:47:21","slug":"ginekologia-dziecieca-dziewczeca-i-mlodziezowa-w-sopocie","status":"publish","type":"page","link":"https:\/\/mentalpath.pl\/centrum-seksuologii-sopot\/ginekologia-dziecieca-dziewczeca-i-mlodziezowa-w-sopocie\/","title":{"rendered":"Ginekologia dzieci\u0119ca, dziewcz\u0119ca i m\u0142odzie\u017cowa w Sopocie"},"content":{"rendered":"","protected":false},"excerpt":{"rendered":"","protected":false},"author":2,"featured_media":0,"parent":0,"menu_order":0,"comment_status":"closed","ping_status":"closed","template":"","meta":{"_acf_changed":false,"inline_featured_image":false,"footnotes":""},"class_list":["post-2821","page","type-page","status-publish","hentry"],"acf":[],"_links":{"self":[{"href":"https:\/\/mentalpath.pl\/centrum-seksuologii-sopot\/wp-json\/wp\/v2\/pages\/2821","targetHints":{"allow":["GET"]}}],"collection":[{"href":"https:\/\/mentalpath.pl\/centrum-seksuologii-sopot\/wp-json\/wp\/v2\/pages"}],"about":[{"href":"https:\/\/mentalpath.pl\/centrum-seksuologii-sopot\/wp-json\/wp\/v2\/types\/page"}],"author":[{"embeddable":true,"href":"https:\/\/mentalpath.pl\/centrum-seksuologii-sopot\/wp-json\/wp\/v2\/users\/2"}],"replies":[{"embeddable":true,"href":"https:\/\/mentalpath.pl\/centrum-seksuologii-sopot\/wp-json\/wp\/v2\/comments?post=2821"}],"version-history":[{"count":2,"href":"https:\/\/mentalpath.pl\/centrum-seksuologii-sopot\/wp-json\/wp\/v2\/pages\/2821\/revisions"}],"predecessor-version":[{"id":3027,"href":"https:\/\/mentalpath.pl\/centrum-seksuologii-sopot\/wp-json\/wp\/v2\/pages\/2821\/revisions\/3027"}],"wp:attachment":[{"href":"https:\/\/mentalpath.pl\/centrum-seksuologii-sopot\/wp-json\/wp\/v2\/media?parent=2821"}],"curies":[{"name":"wp","href":"https:\/\/api.w.org\/{rel}","templated":true}]}}