{"id":3142,"date":"2026-02-10T10:25:21","date_gmt":"2026-02-10T10:25:21","guid":{"rendered":"https:\/\/mentalpath.pl\/centrum-seksuologii-sopot\/?page_id=3142"},"modified":"2026-02-10T10:30:20","modified_gmt":"2026-02-10T10:30:20","slug":"diagnoza-osobowosci-dzieci-i-mlodziezy","status":"publish","type":"page","link":"https:\/\/mentalpath.pl\/centrum-seksuologii-sopot\/diagnoza-osobowosci-dzieci-i-mlodziezy\/","title":{"rendered":"Diagnoza osobowo\u015bci dzieci i m\u0142odzie\u017cy"},"content":{"rendered":"","protected":false},"excerpt":{"rendered":"","protected":false},"author":8,"featured_media":0,"parent":0,"menu_order":0,"comment_status":"closed","ping_status":"closed","template":"","meta":{"_acf_changed":false,"inline_featured_image":false,"footnotes":""},"class_list":["post-3142","page","type-page","status-publish","hentry"],"acf":[],"_links":{"self":[{"href":"https:\/\/mentalpath.pl\/centrum-seksuologii-sopot\/wp-json\/wp\/v2\/pages\/3142","targetHints":{"allow":["GET"]}}],"collection":[{"href":"https:\/\/mentalpath.pl\/centrum-seksuologii-sopot\/wp-json\/wp\/v2\/pages"}],"about":[{"href":"https:\/\/mentalpath.pl\/centrum-seksuologii-sopot\/wp-json\/wp\/v2\/types\/page"}],"author":[{"embeddable":true,"href":"https:\/\/mentalpath.pl\/centrum-seksuologii-sopot\/wp-json\/wp\/v2\/users\/8"}],"replies":[{"embeddable":true,"href":"https:\/\/mentalpath.pl\/centrum-seksuologii-sopot\/wp-json\/wp\/v2\/comments?post=3142"}],"version-history":[{"count":4,"href":"https:\/\/mentalpath.pl\/centrum-seksuologii-sopot\/wp-json\/wp\/v2\/pages\/3142\/revisions"}],"predecessor-version":[{"id":3149,"href":"https:\/\/mentalpath.pl\/centrum-seksuologii-sopot\/wp-json\/wp\/v2\/pages\/3142\/revisions\/3149"}],"wp:attachment":[{"href":"https:\/\/mentalpath.pl\/centrum-seksuologii-sopot\/wp-json\/wp\/v2\/media?parent=3142"}],"curies":[{"name":"wp","href":"https:\/\/api.w.org\/{rel}","templated":true}]}}