{"id":682,"date":"2024-08-29T07:13:57","date_gmt":"2024-08-29T07:13:57","guid":{"rendered":"https:\/\/mentalpath.pl\/centrum-seksuologii-sopot\/?page_id=682"},"modified":"2025-06-05T11:57:17","modified_gmt":"2025-06-05T11:57:17","slug":"rodo","status":"publish","type":"page","link":"https:\/\/mentalpath.pl\/centrum-seksuologii-sopot\/rodo\/","title":{"rendered":"RODO"},"content":{"rendered":"<h3>Szanowni Pa\u0144stwo,<\/h3>\n<p><strong>przekazujemy informacje dotycz\u0105ce przetwarzania Pa\u0144stwa danych osobowych przez Centrum Psychoterapii, Seksuologii <\/strong><strong>i Psychosomatyki Sp. z o.o. (Mental Path Sopot) <\/strong>zgodnie z rozporz\u0105dzeniem Parlamentu Europejskiego i Rady (UE) 2016\/679 z 27.04.2016 r. w sprawie ochrony os\u00f3b fizycznych w zwi\u0105zku z przetwarzaniem danych osobowych i w sprawie swobodnego przep\u0142ywu takich danych oraz uchylenia dyrektywy 95\/46\/WE (Dz.Urz. UE L 119, s. 1) &#8211; dalej <strong>RODO<\/strong>:<\/p>\n<table>\n<tbody>\n<tr>\n<td>\n<h3><strong>Administrator danych osobowych:<\/strong><\/h3>\n<\/td>\n<td><strong>Administratorem\u00a0<\/strong>Pa\u0144stwa danych osobowych jest sp\u00f3\u0142ka <strong>Centrum Psychoterapii, Seksuologii <\/strong><strong>i Psychosomatyki Sp. z o.o. (Mental Path Sopot)<\/strong>\u00a0z\u00a0siedziba\u0328 w\u00a0Sopocie (81-781) przy ul.\u00a0Jana Sobieskiego 29, wpisana do\u00a0rejestru przedsi\u0119biorc\u00f3w prowadzonego przez\u00a0S\u0105d Rejonowy dla w\u00a0Gda\u0144sku pod\u00a0nr\u00a0KRS 0000937515, NIP 5851495760.<\/td>\n<\/tr>\n<tr>\n<td>\n<h3><strong>Dane kontaktowe administratora Mental Path:<\/strong><\/h3>\n<\/td>\n<td>Mo\u017cna si\u0119 z nami kontaktowa\u0107:<\/p>\n<p>\u25c7 telefonicznie pod numerem telefonu: 789 190 192<\/p>\n<p>\u25c7 mailowo pod adresem: recepcja@centrumseksuologii.pl lub sopot@mentalpath.pl<\/p>\n<p>\u25c7 listownie na adres korespondencyjny: Centrum Psychoterapii, Seksuologii i Psychosomatyki Sp. z o.o. (Mental Path Sopot) ul. Jana Sobieskiego 29, 81-781 Sopot<\/p>\n<p>\u25c7 osobi\u015bcie w siedzibie firmy<\/td>\n<\/tr>\n<tr>\n<td>\n<h3><strong>Dane Inspektora Ochrony Danych Osobowych:<\/strong><\/h3>\n<\/td>\n<td>Administrator wyznaczy\u0142 Inspektora Ochrony Danych Osobowych &#8211; Wojciech Wilk, z kt\u00f3rym mo\u017cna si\u0119 kontaktowa\u0107:<\/p>\n<p>\u25c7 mailowo pod adresem: recepcja@centrumseksuologii.pl<\/p>\n<p>\u25c7 listownie na adres korespondencyjny: Centrum Psychoterapii, Seksuologii i Psychosomatyki Sp. z o.o. (Mental Path Sopot) ul. Jana Sobieskiego 29, 81-781 Sopot<\/p>\n<p>z\u00a0dopiskiem \u201eInspektor Danych Osobowych\u201d<\/td>\n<\/tr>\n<tr>\n<td>\n<h3><strong>Cele i podstawy przetwarzania danych:<\/strong><\/h3>\n<\/td>\n<td>\u25c7 Pa\u0144stwa dane osobowe s\u0105 przetwarzane na podstawie art. 6 ust. 1 lit. f RODO, tj. w oparciu o niezb\u0119dno\u015b\u0107 przetwarzania do cel\u00f3w wynikaj\u0105cych z prawnie uzasadnionych interes\u00f3w realizowanych przez Administratora.<\/p>\n<p>\u25c7 Prawnie uzasadnione interesy realizowane przez Centrum Psychoterapii, Seksuologii i Psychosomatyki Sp. z o.o. (Mental Path Sopot) polegaj\u0105 na przeprowadzeniu wywiadu, sporz\u0105dzeniu diagnozy i\/lub opinii, wydaniu za\u015bwiadczenia, przeprowadzeniu konsultacji, psychoterapii, psychoanalizy jungowskiej lub terapii logopedycznej.<\/p>\n<p>\u25c7 Pa\u0144stwa dane osobowe s\u0105 przetwarzane r\u0119cznie w celu przeprowadzenia wywiadu diagnozy, konsultacji, psychoterapii, psychoanalizy jungowskiej, terapii logopedycznej, a tak\u017ce komputerowo w celu stworzenia zapisu oraz sporz\u0105dzenia opinii, opisania wynik\u00f3w diagnozy lub napisania za\u015bwiadczenia.<\/td>\n<\/tr>\n<tr>\n<td>\n<h3><strong>Okres przechowywania danych:<\/strong><\/h3>\n<\/td>\n<td>\u25c7 Pa\u0144stwa dane przechowywane s\u0105 5 lat, po tym okresie ulegaj\u0105 zniszczeniu. Pa\u0144stwa dane osobowe s\u0105 chronione i obj\u0119te tajemnic\u0105 zawodow\u0105 zawodu psychologa, psychoterapeuty i lekarza.<\/p>\n<p>\u25c7 <strong>Z wyj\u0105tkiem pisemnego nakazu s\u0105dowego, \u017caden inny podmiot zewn\u0119trzny nie jest odbiorc\u0105 Pa\u0144stwa danych.<\/strong><\/p>\n<p>\u25c7 W sytuacji wystawienia faktury za us\u0142ug\u0119, Pa\u0144stwa dane zostaj\u0105 przekazane do biura rachunkowego.<\/p>\n<p>\u25c7 W sytuacji skorzystania z us\u0142ugi on-line, Mental Path Group Sp. z o. o. deleguje nadz\u00f3r nad bezpiecze\u0144stwem danych osobowych do dostawcy us\u0142ug teleinformatycznych.<\/td>\n<\/tr>\n<tr>\n<td>\n<h3><strong>Przys\u0142uguj\u0105ce Pa\u0144stwu prawa:<\/strong><\/h3>\n<\/td>\n<td>Maj\u0105 Pa\u0144stwo prawo do:<\/p>\n<p>\u25c7 dost\u0119pu do tre\u015bci swoich danych osobowych, ich sprostowania (poprawiania, uzupe\u0142niania), ograniczenia ich przetwarzania lub usuni\u0119cia<\/p>\n<p>\u25c7 do przeniesienia danych osobowych do innego Administratora<\/p>\n<p>\u25c7 wniesienia sprzeciwu wobec przetwarzania Pa\u0144stwa danych \u25c7 cofni\u0119cia ka\u017cdej udzielonej nam zgody w dowolnym momencie<\/td>\n<\/tr>\n<\/tbody>\n<\/table>\n","protected":false},"excerpt":{"rendered":"<p>Szanowni Pa\u0144stwo, przekazujemy informacje dotycz\u0105ce przetwarzania Pa\u0144stwa danych osobowych przez Centrum Psychoterapii, Seksuologii i Psychosomatyki Sp. z o.o. (Mental Path Sopot) zgodnie z rozporz\u0105dzeniem Parlamentu Europejskiego i Rady (UE) 2016\/679 z 27.04.2016 r. w sprawie ochrony os\u00f3b fizycznych w zwi\u0105zku z przetwarzaniem danych osobowych i w sprawie swobodnego przep\u0142ywu takich danych oraz uchylenia dyrektywy 95\/46\/WE \u2026 <a href=\"https:\/\/mentalpath.pl\/centrum-seksuologii-sopot\/rodo\/\">Continued<\/a><\/p>\n","protected":false},"author":1,"featured_media":0,"parent":0,"menu_order":0,"comment_status":"closed","ping_status":"closed","template":"","meta":{"_acf_changed":false,"inline_featured_image":false,"footnotes":""},"class_list":["post-682","page","type-page","status-publish","hentry"],"acf":[],"_links":{"self":[{"href":"https:\/\/mentalpath.pl\/centrum-seksuologii-sopot\/wp-json\/wp\/v2\/pages\/682","targetHints":{"allow":["GET"]}}],"collection":[{"href":"https:\/\/mentalpath.pl\/centrum-seksuologii-sopot\/wp-json\/wp\/v2\/pages"}],"about":[{"href":"https:\/\/mentalpath.pl\/centrum-seksuologii-sopot\/wp-json\/wp\/v2\/types\/page"}],"author":[{"embeddable":true,"href":"https:\/\/mentalpath.pl\/centrum-seksuologii-sopot\/wp-json\/wp\/v2\/users\/1"}],"replies":[{"embeddable":true,"href":"https:\/\/mentalpath.pl\/centrum-seksuologii-sopot\/wp-json\/wp\/v2\/comments?post=682"}],"version-history":[{"count":8,"href":"https:\/\/mentalpath.pl\/centrum-seksuologii-sopot\/wp-json\/wp\/v2\/pages\/682\/revisions"}],"predecessor-version":[{"id":2722,"href":"https:\/\/mentalpath.pl\/centrum-seksuologii-sopot\/wp-json\/wp\/v2\/pages\/682\/revisions\/2722"}],"wp:attachment":[{"href":"https:\/\/mentalpath.pl\/centrum-seksuologii-sopot\/wp-json\/wp\/v2\/media?parent=682"}],"curies":[{"name":"wp","href":"https:\/\/api.w.org\/{rel}","templated":true}]}}